{"id":21,"date":"2024-10-30T09:27:15","date_gmt":"2024-10-30T09:27:15","guid":{"rendered":"https:\/\/sokotecgmbh.live-website.com\/?page_id=21"},"modified":"2025-03-05T08:03:52","modified_gmt":"2025-03-05T08:03:52","slug":"home","status":"publish","type":"page","link":"https:\/\/soko-tec.com\/en\/","title":{"rendered":"Home"},"content":{"rendered":"<div class=\"wp-block-columns is-layout-flex wp-container-core-columns-is-layout-28f84493 wp-block-columns-is-layout-flex\">\n<div class=\"wp-block-column bg-signet-wrapper is-layout-flow wp-block-column-is-layout-flow\">\n<div class=\"wp-block-group aos-fade-right has-global-padding is-layout-constrained wp-container-core-group-is-layout-b6433daf wp-block-group-is-layout-constrained\" style=\"margin-top:var(--wp--preset--spacing--40);margin-bottom:var(--wp--preset--spacing--60)\">\n<h2 class=\"wp-block-heading has-contrast-color has-text-color has-link-color wp-elements-539718b6e640a46c0ead5d1e19231a06\">SOKO-TEC GmbH<\/h2>\n\n\n\n<h2 class=\"wp-block-heading no-margin-vertical has-base-2-color has-text-color has-link-color wp-elements-6fca68b1614be559d12a7f7fccc1ffd5\">Your partner for demanding system<br>and customized automation solutions.<\/h2>\n\n\n\n<div class=\"wp-block-group has-global-padding is-content-justification-left is-layout-constrained wp-container-core-group-is-layout-93be97b2 wp-block-group-is-layout-constrained\">\n<p>Every customer project receives our full expertise and attention. Because providing our customers with the best possible automation is our top priority. The combination of design and manufacturing of devices and complete solutions is unique.<\/p>\n\n\n\n<p>SOKO-TEC's flexibly selectable solutions in combination with focus on automation projects of any size, coupled with many years of experience and absolute adherence to deadlines, is what sets us apart. Quality assurance is our top priority and is carried out in close cooperation with our project partners.<\/p>\n\n\n\n<div class=\"wp-block-buttons is-layout-flex wp-block-buttons-is-layout-flex\">\n<div class=\"wp-block-button is-style-fill\"><a class=\"wp-block-button__link wp-element-button\" href=\"https:\/\/soko-tec.com\/en\/unternehmen\/\">About us<\/a><\/div>\n<\/div>\n<\/div>\n<\/div>\n\n\n\n<figure class=\"wp-block-image size-large bg-signet\"><img alt=\"\" loading=\"lazy\" decoding=\"async\" width=\"1120\" height=\"853\" src=\"https:\/\/soko-tec.com\/wp-content\/uploads\/2024\/11\/bg-signet.svg\" class=\"wp-image-302\"\/><\/figure>\n<\/div>\n<\/div>\n\n\n\n<div class=\"wp-block-codemanas-simple-popup-block simple-popup_block\" style=\"--simple-popup__background-color:#ffffff;--simple-popup__border-radius:0px 0px 0px 0px\"><div class=\"simple-popup\" data-popup-delay=\"3\" data-scroll-by-percentage=\"0\" data-scroll-by-element=\"\" data-scroll-behavior=\"percentage\" data-trigger-behavior=\"time-interval\" data-click-by-element=\"\" data-close-icon-position=\"outside\" data-show-popup-once=\"false\" data-auto-close-popup=\"false\" data-auto-close-popup-interval=\"5\" data-user-logged-in-out=\"logged-in\" data-selected-user-roles=\"[]\" data-close-btn-svg-display=\"default\"><div class=\"simple-popup__main\" style=\"width:90vw\"><div class=\"simple-popup__top\"><button class=\"simple-popup--close simple-popup--close__outside\" style=\"top:-36px\"><span><svg style=\"height:20px\" id=\"Layer_1\" data-name=\"Layer 1\" xmlns=\"http:\/\/www.w3.org\/2000\/svg\" viewbox=\"0 0 18.43 18.45\"><path style=\"fill:#fff\" class=\"cls-1\" d=\"M9.61,12.33,3.44,18.56a1.85,1.85,0,0,0,2.44,2.71l6.39-6.33,6.25,6.25a1.86,1.86,0,0,0,2.55-2.66l-6.2-6.22L21.2,6a1.9,1.9,0,0,0-2.47-2.71L12.24,9.68,5.8,3.35a1.88,1.88,0,0,0-2.06.21,1.91,1.91,0,0,0-.4,2.36Z\" transform=\"translate(-3.05 -3.1)\"><\/path><\/svg><\/span><\/button><\/div><div class=\"simple-popup__content\" style=\"max-height:80vh;border-style:none;border-width:0px\">\n<div class=\"wp-block-group has-contrast-background-color has-background is-layout-flow wp-block-group-is-layout-flow\">\n<h2 class=\"wp-block-heading has-base-color has-text-color has-link-color wp-elements-742bb688fcbb9d4a0710afa5bcbc38cb\" style=\"padding-top:var(--wp--preset--spacing--60);padding-right:var(--wp--preset--spacing--40);padding-bottom:var(--wp--preset--spacing--30);padding-left:var(--wp--preset--spacing--40)\">SOKO-TEC at the trade fair<\/h2>\n<\/div>\n\n\n\n<div class=\"wp-block-group is-layout-flow wp-block-group-is-layout-flow\" style=\"padding-top:var(--wp--preset--spacing--40);padding-right:var(--wp--preset--spacing--40);padding-bottom:var(--wp--preset--spacing--60);padding-left:var(--wp--preset--spacing--40)\">\n<h4 class=\"wp-block-heading\" style=\"letter-spacing:0.075em\">Visit us at the following trade fair:<\/h4>\n\n\n\n<p class=\"has-large-font-size\" style=\"letter-spacing:0.075em\">\u276f <strong>ALL ABOUT AUTOMATION<\/strong>, Friedrichshafen<br>Stand Nr. B2-644<br>25.-26. Februar 2025<\/p>\n\n\n\n<div class=\"wp-block-buttons is-layout-flex wp-block-buttons-is-layout-flex\">\n<div class=\"wp-block-button\"><a class=\"wp-block-button__link wp-element-button\" href=\"https:\/\/www.friedrichshafen.allaboutautomation.de\/de\/exhibitor\/soko-tec-gmbh\/\" target=\"_blank\" rel=\"noreferrer noopener\">find out more<\/a><\/div>\n<\/div>\n<\/div>\n<\/div><\/div><\/div><\/div>\n\n\n\n<div class=\"wp-block-cover alignwide has-parallax\" style=\"padding-top:var(--wp--preset--spacing--60);padding-bottom:var(--wp--preset--spacing--60)\"><span aria-hidden=\"true\" class=\"wp-block-cover__background has-background-dim-0 has-background-dim\"><\/span><div class=\"wp-block-cover__image-background wp-image-211 has-parallax\" style=\"background-position:50% 50%;background-image:url(https:\/\/soko-tec.com\/wp-content\/uploads\/2024\/11\/sokotec-production-bg.jpg)\"><\/div><div class=\"wp-block-cover__inner-container has-global-padding is-layout-constrained wp-container-core-cover-is-layout-ca9db0f0 wp-block-cover-is-layout-constrained\">\n<h2 class=\"wp-block-heading has-text-align-center aos-fade has-base-color has-text-color has-link-color wp-elements-7c871969b86663c39c4f1a0fd942a621\">We automate, you produce.<\/h2>\n\n\n\n<div class=\"wp-block-group has-global-padding is-layout-constrained wp-container-core-group-is-layout-e2904302 wp-block-group-is-layout-constrained\" style=\"margin-top:var(--wp--preset--spacing--40);margin-bottom:var(--wp--preset--spacing--50)\">\n<p class=\"has-text-align-center aos-fade\" style=\"margin-top:0;margin-right:0;margin-bottom:0;margin-left:0\">Scalable automation becomes reality - with SOKO-TEC as your system supplier in automation technology. Whether with highly innovative systems in special machine construction, precision mechanics for toolmaking or complex solutions in precision mechanics, SOKO-TEC makes a decisive contribution to the development and implementation of important products and innovations.<\/p>\n<\/div>\n\n\n\n<div class=\"wp-block-columns is-layout-flex wp-container-core-columns-is-layout-28f84493 wp-block-columns-is-layout-flex\">\n<div class=\"wp-block-column is-layout-flow wp-block-column-is-layout-flow\">\n<div class=\"wp-block-group has-global-padding is-layout-constrained wp-block-group-is-layout-constrained\" style=\"margin-top:var(--wp--preset--spacing--20);margin-bottom:var(--wp--preset--spacing--20)\">\n<figure class=\"wp-block-image aligncenter size-large is-resized\"><a href=\"https:\/\/soko-tec.com\/en\/sondermaschinenbau\/\"><img alt=\"\" loading=\"lazy\" decoding=\"async\" width=\"800\" height=\"800\" src=\"https:\/\/soko-tec.com\/wp-content\/uploads\/2024\/11\/icon-sondermaschinenbau.svg\" class=\"wp-image-214\" style=\"object-fit:cover;width:80px;height:80px\"\/><\/a><\/figure>\n\n\n\n<p class=\"has-text-align-center no-deco has-base-color has-text-color has-link-color has-large-font-size wp-elements-52ed9b3e08fde7d540e6480c3af02df9\"><strong><a href=\"https:\/\/soko-tec.com\/en\/sondermaschinenbau\/\" data-type=\"page\" data-id=\"563\">Special machine engineering<\/a><\/strong><\/p>\n<\/div>\n<\/div>\n\n\n\n<div class=\"wp-block-column is-layout-flow wp-block-column-is-layout-flow\">\n<div class=\"wp-block-group has-global-padding is-layout-constrained wp-block-group-is-layout-constrained\" style=\"margin-top:var(--wp--preset--spacing--20);margin-bottom:var(--wp--preset--spacing--20)\">\n<figure class=\"wp-block-image aligncenter size-large is-resized\"><a href=\"https:\/\/soko-tec.com\/en\/werkzeugbau\/\"><img alt=\"\" loading=\"lazy\" decoding=\"async\" width=\"800\" height=\"800\" src=\"https:\/\/soko-tec.com\/wp-content\/uploads\/2024\/11\/icon-werkzeugbau.svg\" class=\"wp-image-386\" style=\"object-fit:cover;width:80px;height:80px\"\/><\/a><\/figure>\n\n\n\n<p class=\"has-text-align-center no-deco has-base-color has-text-color has-link-color has-large-font-size wp-elements-aec08014116b0bf5220641055b611e16\"><strong><a href=\"https:\/\/soko-tec.com\/en\/werkzeugbau\/\" data-type=\"page\" data-id=\"1140\">Tool construction<\/a><\/strong><\/p>\n<\/div>\n<\/div>\n\n\n\n<div class=\"wp-block-column is-layout-flow wp-block-column-is-layout-flow\">\n<div class=\"wp-block-group has-global-padding is-layout-constrained wp-block-group-is-layout-constrained\" style=\"margin-top:var(--wp--preset--spacing--20);margin-bottom:var(--wp--preset--spacing--20)\">\n<figure class=\"wp-block-image aligncenter size-large is-resized\"><a href=\"https:\/\/soko-tec.com\/en\/praezision\/\"><img alt=\"\" loading=\"lazy\" decoding=\"async\" width=\"800\" height=\"800\" src=\"https:\/\/soko-tec.com\/wp-content\/uploads\/2024\/11\/icon-praezision.svg\" class=\"wp-image-389\" style=\"object-fit:cover;width:80px;height:80px\"\/><\/a><\/figure>\n\n\n\n<p class=\"has-text-align-center no-deco has-base-color has-text-color has-link-color has-large-font-size wp-elements-d63b62c0d346ba260e6510be8ca8fd9e\"><strong><a href=\"https:\/\/soko-tec.com\/en\/praezision\/\" data-type=\"page\" data-id=\"1166\">Precision<\/a><\/strong><\/p>\n<\/div>\n<\/div>\n<\/div>\n\n\n\n<div class=\"wp-block-columns is-layout-flex wp-container-core-columns-is-layout-28f84493 wp-block-columns-is-layout-flex\">\n<div class=\"wp-block-column is-layout-flow wp-block-column-is-layout-flow\">\n<div class=\"wp-block-group has-global-padding is-layout-constrained wp-block-group-is-layout-constrained\" style=\"margin-top:var(--wp--preset--spacing--20);margin-bottom:var(--wp--preset--spacing--20)\">\n<figure class=\"wp-block-image aligncenter size-large is-resized\"><a href=\"https:\/\/soko-tec.com\/en\/automatisierungstechnik\/\"><img alt=\"\" loading=\"lazy\" decoding=\"async\" width=\"800\" height=\"800\" src=\"https:\/\/soko-tec.com\/wp-content\/uploads\/2024\/11\/icon-automatisierungstechnik.svg\" class=\"wp-image-387\" style=\"object-fit:cover;width:80px;height:80px\"\/><\/a><\/figure>\n\n\n\n<p class=\"has-text-align-center no-deco has-base-color has-text-color has-link-color has-large-font-size wp-elements-b8481de4a13b629b1e861c550c415be1\"><strong><a href=\"https:\/\/soko-tec.com\/en\/automatisierungstechnik\/\" data-type=\"page\" data-id=\"1217\">Automation technology<\/a><\/strong><\/p>\n<\/div>\n<\/div>\n\n\n\n<div class=\"wp-block-column is-layout-flow wp-block-column-is-layout-flow\">\n<div class=\"wp-block-group has-global-padding is-layout-constrained wp-block-group-is-layout-constrained\" style=\"margin-top:var(--wp--preset--spacing--20);margin-bottom:var(--wp--preset--spacing--20)\">\n<figure class=\"wp-block-image aligncenter size-large is-resized\"><a href=\"https:\/\/soko-tec.com\/en\/retrofit\/\"><img alt=\"\" loading=\"lazy\" decoding=\"async\" width=\"800\" height=\"800\" src=\"https:\/\/soko-tec.com\/wp-content\/uploads\/2024\/11\/icon-retrofit.svg\" class=\"wp-image-390\" style=\"object-fit:cover;width:80px;height:80px\"\/><\/a><\/figure>\n\n\n\n<p class=\"has-text-align-center no-deco has-base-color has-text-color has-link-color has-large-font-size wp-elements-619c00ce5cb26d621e83ed9757d68f0c\"><strong><a href=\"https:\/\/soko-tec.com\/en\/retrofit\/\" data-type=\"page\" data-id=\"1182\">Retrofit<\/a><\/strong><\/p>\n<\/div>\n<\/div>\n\n\n\n<div class=\"wp-block-column is-layout-flow wp-block-column-is-layout-flow\">\n<div class=\"wp-block-group has-global-padding is-layout-constrained wp-block-group-is-layout-constrained\" style=\"margin-top:var(--wp--preset--spacing--20);margin-bottom:var(--wp--preset--spacing--20)\">\n<figure class=\"wp-block-image aligncenter size-large is-resized\"><a href=\"https:\/\/soko-tec.com\/en\/built-to-print\/\"><img alt=\"\" loading=\"lazy\" decoding=\"async\" width=\"800\" height=\"800\" src=\"https:\/\/soko-tec.com\/wp-content\/uploads\/2024\/11\/icon-built-to-print.svg\" class=\"wp-image-388\" style=\"object-fit:cover;width:80px;height:80px\"\/><\/a><\/figure>\n\n\n\n<p class=\"has-text-align-center no-deco has-base-color has-text-color has-link-color has-large-font-size wp-elements-0b933f125160196c3a4c4b2165921e0a\"><strong><a href=\"https:\/\/soko-tec.com\/en\/built-to-print\/\" data-type=\"page\" data-id=\"1208\">Built-to-Print<\/a><\/strong><\/p>\n<\/div>\n<\/div>\n<\/div>\n\n\n\n<div class=\"wp-block-buttons is-content-justification-center is-layout-flex wp-container-core-buttons-is-layout-bb659de6 wp-block-buttons-is-layout-flex\" style=\"margin-top:var(--wp--preset--spacing--50)\">\n<div class=\"wp-block-button is-style-fill button-white\"><a class=\"wp-block-button__link wp-element-button\" href=\"https:\/\/soko-tec.com\/en\/loesungen\/\" style=\"border-width:1px\">find out more<\/a><\/div>\n<\/div>\n<\/div><\/div>\n\n\n\n<div class=\"wp-block-group has-global-padding is-layout-constrained wp-block-group-is-layout-constrained\" style=\"margin-top:var(--wp--preset--spacing--60);margin-bottom:var(--wp--preset--spacing--60)\">\n<h2 class=\"wp-block-heading is-style-default aos-fade-right has-contrast-color has-text-color has-link-color has-xx-large-font-size wp-elements-c4c205cc155714b29225ab217eb7cab5\">\u201c The more we deal with you and your requirements, the clearer things become and the easier it is to develop a solution. \u201d<\/h2>\n\n\n\n<p class=\"has-text-align-left\">- Edgar Wei\u00dfenbach, Managing Director<\/p>\n<\/div>\n\n\n\n<div class=\"wp-block-group alignwide has-contrast-background-color has-background has-global-padding is-layout-constrained wp-container-core-group-is-layout-01f6ed4f wp-block-group-is-layout-constrained\" style=\"padding-top:var(--wp--preset--spacing--50);padding-bottom:var(--wp--preset--spacing--50);background-image:url(&apos;https:\/\/soko-tec.com\/wp-content\/uploads\/2024\/11\/soko-tec-signet-white.svg&apos;);background-position:100% 50%;background-repeat:no-repeat;background-size:contain;\">\n<h2 class=\"wp-block-heading has-text-align-left has-base-color has-text-color has-link-color wp-elements-1e9f8d904885424fdca28ba508bb6fad\">Trade fair visit to SOKO-TEC<\/h2>\n\n\n\n<figure class=\"wp-block-video\"><video height=\"1080\" style=\"aspect-ratio: 1920 \/ 1080;\" width=\"1920\" controls poster=\"https:\/\/soko-tec.com\/wp-content\/uploads\/2024\/11\/messevideo-cover.jpg\" preload=\"auto\" src=\"https:\/\/soko-tec.com\/wp-content\/uploads\/2024\/11\/SOKO-TEC_Motek-2023.mp4\"><\/video><\/figure>\n<\/div>\n\n\n\n<div class=\"wp-block-group usp-list has-global-padding is-layout-constrained wp-block-group-is-layout-constrained\" style=\"margin-top:var(--wp--preset--spacing--50);margin-bottom:var(--wp--preset--spacing--50)\">\n<h2 class=\"wp-block-heading aos-fade-right has-contrast-color has-text-color has-link-color wp-elements-7ca5c308427004fc927e2865b1664f88\">Good reasons for SOKO-TEC<\/h2>\n\n\n\n<h2 class=\"wp-block-heading no-margin-vertical aos-fade-right has-base-2-color has-text-color has-link-color wp-elements-c6d2852a37299f8a8fe3743b71aa2755\">Your partner for sophisticated system and customized automation solutions.<\/h2>\n\n\n\n<div class=\"wp-block-columns is-layout-flex wp-container-core-columns-is-layout-69cf8084 wp-block-columns-is-layout-flex\" style=\"margin-top:var(--wp--preset--spacing--40)\">\n<div class=\"wp-block-column is-layout-flow wp-block-column-is-layout-flow\">\n<div class=\"wp-block-group usp-list-item is-layout-flow wp-block-group-is-layout-flow\" style=\"margin-bottom:0\">\n<h4 class=\"wp-block-heading\" style=\"margin-bottom:0\">Absolute reliability<\/h4>\n\n\n\n<p style=\"margin-top:var(--wp--preset--spacing--10)\">Adherence to deadlines is not just a promise, but a guarantee.<\/p>\n<\/div>\n<\/div>\n\n\n\n<div class=\"wp-block-column is-layout-flow wp-block-column-is-layout-flow\">\n<div class=\"wp-block-group usp-list-item is-layout-flow wp-block-group-is-layout-flow\">\n<h4 class=\"wp-block-heading\">well-founded know-how<\/h4>\n\n\n\n<p style=\"margin-top:var(--wp--preset--spacing--10)\">Decades of expertise.<\/p>\n<\/div>\n<\/div>\n<\/div>\n\n\n\n<div class=\"wp-block-columns is-layout-flex wp-container-core-columns-is-layout-69cf8084 wp-block-columns-is-layout-flex\" style=\"margin-top:var(--wp--preset--spacing--40)\">\n<div class=\"wp-block-column is-layout-flow wp-block-column-is-layout-flow\">\n<div class=\"wp-block-group usp-list-item is-layout-flow wp-block-group-is-layout-flow\" style=\"margin-bottom:0\">\n<h4 class=\"wp-block-heading\" style=\"margin-bottom:0\">Highest quality<\/h4>\n\n\n\n<p style=\"margin-top:var(--wp--preset--spacing--10)\">Durable system solutions that increase your productivity.<\/p>\n<\/div>\n<\/div>\n\n\n\n<div class=\"wp-block-column is-layout-flow wp-block-column-is-layout-flow\">\n<div class=\"wp-block-group usp-list-item is-layout-flow wp-block-group-is-layout-flow\">\n<h4 class=\"wp-block-heading\">Customized solutions<\/h4>\n\n\n\n<p style=\"margin-top:var(--wp--preset--spacing--10)\">The focus is on the customer and the project. Customer-specific automation solutions are created.<\/p>\n<\/div>\n<\/div>\n<\/div>\n\n\n\n<div class=\"wp-block-columns is-layout-flex wp-container-core-columns-is-layout-69cf8084 wp-block-columns-is-layout-flex\" style=\"margin-top:var(--wp--preset--spacing--40)\">\n<div class=\"wp-block-column is-layout-flow wp-block-column-is-layout-flow\">\n<div class=\"wp-block-group usp-list-item is-layout-flow wp-block-group-is-layout-flow\" style=\"margin-bottom:var(--wp--preset--spacing--40)\">\n<h4 class=\"wp-block-heading\" style=\"margin-bottom:0\">Trusting partnership<\/h4>\n\n\n\n<p style=\"margin-top:var(--wp--preset--spacing--10)\">A relationship based on reliability and honesty leads to lasting cooperation and mutual success.<\/p>\n<\/div>\n<\/div>\n\n\n\n<div class=\"wp-block-column is-layout-flow wp-block-column-is-layout-flow\"><\/div>\n<\/div>\n<\/div>\n\n\n\n<figure class=\"wp-block-gallery has-nested-images columns-4 is-cropped wp-block-gallery-1 is-layout-flex wp-block-gallery-is-layout-flex\" style=\"margin-bottom:var(--wp--preset--spacing--60)\">\n<figure class=\"wp-block-image size-large\"><img alt=\"\" loading=\"lazy\" decoding=\"async\" width=\"1024\" height=\"683\" data-id=\"112\" src=\"https:\/\/soko-tec.com\/wp-content\/uploads\/2024\/10\/sokotec-work-situation-1-1024x683.jpg\" class=\"wp-image-112\" srcset=\"https:\/\/soko-tec.com\/wp-content\/uploads\/2024\/10\/sokotec-work-situation-1-1024x683.jpg 1024w, https:\/\/soko-tec.com\/wp-content\/uploads\/2024\/10\/sokotec-work-situation-1-300x200.jpg 300w, https:\/\/soko-tec.com\/wp-content\/uploads\/2024\/10\/sokotec-work-situation-1-768x512.jpg 768w, https:\/\/soko-tec.com\/wp-content\/uploads\/2024\/10\/sokotec-work-situation-1.jpg 1280w\" sizes=\"auto, (max-width: 1024px) 100vw, 1024px\" \/><\/figure>\n\n\n\n<figure class=\"wp-block-image size-large\"><img alt=\"\" loading=\"lazy\" decoding=\"async\" width=\"1280\" height=\"854\" data-id=\"110\" src=\"https:\/\/soko-tec.com\/wp-content\/uploads\/2024\/10\/soko-tec-signet.svg\" class=\"wp-image-110\"\/><\/figure>\n\n\n\n<figure class=\"wp-block-image size-large\"><img alt=\"\" loading=\"lazy\" decoding=\"async\" width=\"1024\" height=\"683\" data-id=\"113\" src=\"https:\/\/soko-tec.com\/wp-content\/uploads\/2024\/10\/sokotec-work-situation-2-1024x683.jpg\" class=\"wp-image-113\" srcset=\"https:\/\/soko-tec.com\/wp-content\/uploads\/2024\/10\/sokotec-work-situation-2-1024x683.jpg 1024w, https:\/\/soko-tec.com\/wp-content\/uploads\/2024\/10\/sokotec-work-situation-2-300x200.jpg 300w, https:\/\/soko-tec.com\/wp-content\/uploads\/2024\/10\/sokotec-work-situation-2-768x512.jpg 768w, https:\/\/soko-tec.com\/wp-content\/uploads\/2024\/10\/sokotec-work-situation-2.jpg 1280w\" sizes=\"auto, (max-width: 1024px) 100vw, 1024px\" \/><\/figure>\n\n\n\n<figure class=\"wp-block-image size-large\"><img alt=\"\" loading=\"lazy\" decoding=\"async\" width=\"1024\" height=\"683\" data-id=\"111\" src=\"https:\/\/soko-tec.com\/wp-content\/uploads\/2024\/10\/sokotec-production-1-1024x683.jpg\" class=\"wp-image-111\" srcset=\"https:\/\/soko-tec.com\/wp-content\/uploads\/2024\/10\/sokotec-production-1-1024x683.jpg 1024w, https:\/\/soko-tec.com\/wp-content\/uploads\/2024\/10\/sokotec-production-1-300x200.jpg 300w, https:\/\/soko-tec.com\/wp-content\/uploads\/2024\/10\/sokotec-production-1-768x512.jpg 768w, https:\/\/soko-tec.com\/wp-content\/uploads\/2024\/10\/sokotec-production-1.jpg 1280w\" sizes=\"auto, (max-width: 1024px) 100vw, 1024px\" \/><\/figure>\n<\/figure>\n\n\n\n<p><\/p>","protected":false},"excerpt":{"rendered":"<p>SOKO-TEC GmbH Ihr Partner f\u00fcr anspruchsvolle System-und ma\u00dfgeschneiderte Automationsl\u00f6sungen. Jedes Kundenprojekt bekommt die volle Expertise und Aufmerksamkeit. Denn unseren Kunden bestm\u00f6gliche Automation zu erm\u00f6glichen, steht an oberster Stelle. Die Kombinationsm\u00f6glichkeiten aus Bau und Herstellung von Vorrichtungen sowie von Komplettl\u00f6sungen ist einzigartig. Die flexibel w\u00e4hlbaren L\u00f6sungen von SOKO-TEC in Kombination mit Fokussierung auf Automatisierungsprojekte jeglicher Gr\u00f6\u00dfe, [&hellip;]<\/p>","protected":false},"author":1,"featured_media":0,"parent":0,"menu_order":0,"comment_status":"closed","ping_status":"closed","template":"","meta":{"_seopress_robots_primary_cat":"","_seopress_titles_title":"","_seopress_titles_desc":"","_seopress_robots_index":"","footnotes":""},"class_list":["post-21","page","type-page","status-publish","hentry"],"_links":{"self":[{"href":"https:\/\/soko-tec.com\/en\/wp-json\/wp\/v2\/pages\/21","targetHints":{"allow":["GET"]}}],"collection":[{"href":"https:\/\/soko-tec.com\/en\/wp-json\/wp\/v2\/pages"}],"about":[{"href":"https:\/\/soko-tec.com\/en\/wp-json\/wp\/v2\/types\/page"}],"author":[{"embeddable":true,"href":"https:\/\/soko-tec.com\/en\/wp-json\/wp\/v2\/users\/1"}],"replies":[{"embeddable":true,"href":"https:\/\/soko-tec.com\/en\/wp-json\/wp\/v2\/comments?post=21"}],"version-history":[{"count":241,"href":"https:\/\/soko-tec.com\/en\/wp-json\/wp\/v2\/pages\/21\/revisions"}],"predecessor-version":[{"id":1813,"href":"https:\/\/soko-tec.com\/en\/wp-json\/wp\/v2\/pages\/21\/revisions\/1813"}],"wp:attachment":[{"href":"https:\/\/soko-tec.com\/en\/wp-json\/wp\/v2\/media?parent=21"}],"curies":[{"name":"wp","href":"https:\/\/api.w.org\/{rel}","templated":true}]}}